{"id":1548,"date":"2022-09-28T16:59:36","date_gmt":"2022-09-28T14:59:36","guid":{"rendered":"https:\/\/genomik-tuebingen.de\/?page_id=1548"},"modified":"2024-08-15T12:50:24","modified_gmt":"2024-08-15T10:50:24","slug":"newsletter","status":"publish","type":"page","link":"https:\/\/cegat.com\/de\/newsletter\/","title":{"rendered":"Newsletter"},"content":{"rendered":"<p><div class=\"fusion-fullwidth fullwidth-box fusion-builder-row-1 fusion-flex-container has-pattern-background has-mask-background fusion-parallax-none hundred-percent-fullwidth non-hundred-percent-height-scrolling lazyload\" style=\"--awb-background-blend-mode:color-burn;--awb-border-radius-top-left:0px;--awb-border-radius-top-right:0px;--awb-border-radius-bottom-right:0px;--awb-border-radius-bottom-left:0px;--awb-margin-top:-50px;--awb-min-height:500px;--awb-background-size:cover;--awb-flex-wrap:wrap;\" data-bg=\"https:\/\/cegat.com\/wp-content\/uploads\/2023\/04\/CeGaT_KV_News.jpg\" ><div class=\"fusion-builder-row fusion-row fusion-flex-align-items-flex-start fusion-flex-content-wrap\" style=\"width:104% !important;max-width:104% !important;margin-left: calc(-4% \/ 2 );margin-right: calc(-4% \/ 2 );\"><div class=\"fusion-layout-column fusion_builder_column fusion-builder-column-0 fusion_builder_column_1_1 1_1 fusion-flex-column fusion-flex-align-self-stretch\" style=\"--awb-padding-top:30px;--awb-padding-bottom:30px;--awb-bg-size:cover;--awb-width-large:100%;--awb-margin-top-large:0px;--awb-spacing-right-large:1.92%;--awb-margin-bottom-large:0px;--awb-spacing-left-large:1.92%;--awb-width-medium:100%;--awb-order-medium:0;--awb-spacing-right-medium:1.92%;--awb-spacing-left-medium:1.92%;--awb-width-small:100%;--awb-order-small:0;--awb-spacing-right-small:1.92%;--awb-spacing-left-small:1.92%;\"><div class=\"fusion-column-wrapper fusion-column-has-shadow fusion-flex-justify-content-flex-start fusion-content-layout-column\"><nav class=\"fusion-breadcrumbs awb-yoast-breadcrumbs fusion-breadcrumbs-1\" style=\"--awb-breadcrumb-sep:&#039;\/&#039;;\" aria-label=\"Breadcrumb\"><ol class=\"awb-breadcrumb-list\"><li class=\"fusion-breadcrumb-item awb-breadcrumb-sep awb-home\" ><a href=\"https:\/\/cegat.com\/de\/\" class=\"fusion-breadcrumb-link\"><span >Home<\/span><\/a><\/li><\/ol><\/nav><\/div><\/div><\/div><\/div><div class=\"fusion-fullwidth fullwidth-box fusion-builder-row-2 fusion-flex-container has-pattern-background has-mask-background nonhundred-percent-fullwidth non-hundred-percent-height-scrolling\" style=\"--awb-border-radius-top-left:0px;--awb-border-radius-top-right:0px;--awb-border-radius-bottom-right:0px;--awb-border-radius-bottom-left:0px;--awb-padding-bottom-small:0px;--awb-margin-bottom-small:0px;--awb-flex-wrap:wrap;\" ><div class=\"fusion-builder-row fusion-row fusion-flex-align-items-flex-start fusion-flex-content-wrap\" style=\"max-width:1248px;margin-left: calc(-4% \/ 2 );margin-right: calc(-4% \/ 2 );\"><div class=\"fusion-layout-column fusion_builder_column fusion-builder-column-1 fusion_builder_column_3_4 3_4 fusion-flex-column fusion-animated\" style=\"--awb-padding-right:20px;--awb-padding-bottom:80px;--awb-padding-left:20px;--awb-padding-left-small:10px;--awb-overflow:hidden;--awb-bg-color:rgba(255,255,255,0.75);--awb-bg-color-hover:rgba(255,255,255,0.75);--awb-bg-size:cover;--awb-border-color:rgba(255,255,255,0);--awb-border-top:1px;--awb-border-right:1px;--awb-border-bottom:1px;--awb-border-left:1px;--awb-border-style:solid;--awb-border-radius:3px 3px 3px 3px;--awb-width-large:75%;--awb-margin-top-large:-145px;--awb-spacing-right-large:0px;--awb-margin-bottom-large:0px;--awb-spacing-left-large:0px;--awb-width-medium:100%;--awb-order-medium:0;--awb-spacing-right-medium:0px;--awb-spacing-left-medium:0px;--awb-width-small:100%;--awb-order-small:0;--awb-spacing-right-small:0px;--awb-spacing-left-small:0px;\" data-animationType=\"fadeInUp\" data-animationDuration=\"1.5\" data-animationOffset=\"top-into-view\"><div class=\"fusion-column-wrapper fusion-column-has-shadow fusion-flex-justify-content-flex-start fusion-content-layout-column\"><div class=\"fusion-title title fusion-title-1 fusion-sep-none fusion-title-text fusion-title-size-one\" style=\"--awb-text-color:var(--awb-custom_color_1);--awb-margin-bottom:0px;--awb-margin-top-small:10px;--awb-margin-right-small:0px;--awb-margin-bottom-small:10px;--awb-margin-left-small:0px;\"><h1 class=\"fusion-title-heading title-heading-left fusion-responsive-typography-calculated\" style=\"margin:0;text-transform:none;--fontSize:46;line-height:var(--awb-typography1-line-height);\">Melden Sie sich f\u00fcr unseren Newsletter an<\/h1><\/div><div class=\"fusion-text fusion-text-1\" style=\"--awb-font-size:24px;--awb-line-height:1.2;\"><p style=\"text-align: left; font-weight: 300;\">Bleiben Sie immer auf dem neusten Stand rund um CeGaT und unsere Services<\/p>\n<\/div><\/div><\/div><\/div><\/div><div class=\"fusion-fullwidth fullwidth-box fusion-builder-row-3 fusion-flex-container has-pattern-background has-mask-background nonhundred-percent-fullwidth non-hundred-percent-height-scrolling\" style=\"--awb-border-radius-top-left:0px;--awb-border-radius-top-right:0px;--awb-border-radius-bottom-right:0px;--awb-border-radius-bottom-left:0px;--awb-padding-bottom:60px;--awb-margin-bottom:-60px;--awb-flex-wrap:wrap;\" ><div class=\"fusion-builder-row fusion-row fusion-flex-align-items-flex-start fusion-flex-content-wrap\" style=\"max-width:1248px;margin-left: calc(-4% \/ 2 );margin-right: calc(-4% \/ 2 );\"><div class=\"fusion-layout-column fusion_builder_column fusion-builder-column-2 fusion_builder_column_3_4 3_4 fusion-flex-column\" style=\"--awb-bg-size:cover;--awb-width-large:75%;--awb-margin-top-large:0px;--awb-spacing-right-large:2.56%;--awb-margin-bottom-large:0px;--awb-spacing-left-large:2.56%;--awb-width-medium:100%;--awb-order-medium:0;--awb-spacing-right-medium:1.92%;--awb-spacing-left-medium:1.92%;--awb-width-small:100%;--awb-order-small:0;--awb-spacing-right-small:1.92%;--awb-spacing-left-small:1.92%;\"><div class=\"fusion-column-wrapper fusion-column-has-shadow fusion-flex-justify-content-flex-start fusion-content-layout-column\"><div class=\"fusion-text fusion-text-2\" style=\"--awb-content-alignment:justify;\"><p>Erhalten Sie regelm\u00e4\u00dfig Updates zu unseren neuesten Entwicklungen und Forschungsergebnissen und erfahren Sie als Erstes von Veranstaltungen und Schulungen. Melden Sie sich jetzt zum Newsletter an und werden Sie Teil unserer wachsenden Gemeinschaft von Fachleuten und Interessierten auf dem Gebiet molekulargenetischer Analysen.<\/p>\n<\/div><iframe class=\"lazyload\" width=\"100%\" height=\"1400\" src=\"data:image\/svg+xml,%3Csvg%20xmlns%3D%27http%3A%2F%2Fwww.w3.org%2F2000%2Fsvg%27%20width%3D%27100%27%20height%3D%271400%27%20viewBox%3D%270%200%20100%201400%27%3E%3Crect%20width%3D%27100%27%20height%3D%271400%27%20fill-opacity%3D%220%22%2F%3E%3C%2Fsvg%3E\" data-orig-src=\"https:\/\/0afa3475.sibforms.com\/serve\/MUIFAKXmC4NWZozj9Ftk07txkpwaigfzzDaKBgkKItro5OUIrzcimhP2QVHpxTQwlAHSdHbP_MMX9hAeaZpMBWFtUjd7kuucns8lRGI0Y7p7THhB8bX-lGPzj-HYdekARIiJC1av2bVKXGJsXAJ3QXApOXMQS9b7f6a1rZUwRWTC82bgh4ptQbbv8LV8QbzZAJ3r4YMGm08CAZ_B\" frameborder=\"0\" scrolling=\"auto\" allowfullscreen style=\"display: block;margin-left: auto;margin-right: auto;max-width: 100%;\"><\/iframe><\/div><\/div><\/div><\/div><\/p>\n","protected":false},"excerpt":{"rendered":"","protected":false},"author":2,"featured_media":0,"parent":0,"menu_order":0,"comment_status":"closed","ping_status":"closed","template":"100-width.php","meta":{"footnotes":""},"class_list":["post-1548","page","type-page","status-publish","hentry"],"yoast_head":"<!-- This site is optimized with the Yoast SEO plugin v27.4 - https:\/\/yoast.com\/product\/yoast-seo-wordpress\/ -->\n<title>Newsletter<\/title>\n<meta name=\"description\" content=\"Melden Sie sich \u00fcber das Formular f\u00fcr den CeGaT-Newsletter anmelden, um im gew\u00fcnschten Bereich auf dem neusten Stand zu bleiben.\" \/>\n<meta name=\"robots\" content=\"noindex, nofollow\" \/>\n<meta property=\"og:locale\" content=\"de_DE\" \/>\n<meta property=\"og:type\" content=\"article\" \/>\n<meta property=\"og:title\" content=\"Newsletter\" \/>\n<meta property=\"og:description\" content=\"Melden Sie sich \u00fcber das Formular f\u00fcr den CeGaT-Newsletter anmelden, um im gew\u00fcnschten Bereich auf dem neusten Stand zu bleiben.\" \/>\n<meta property=\"og:url\" content=\"https:\/\/cegat.com\/de\/newsletter\/\" \/>\n<meta property=\"og:site_name\" content=\"CeGaT GmbH\" \/>\n<meta property=\"article:publisher\" content=\"https:\/\/www.facebook.com\/CeGaT.GmbH\/?locale=de_DE\" \/>\n<meta property=\"article:modified_time\" content=\"2024-08-15T10:50:24+00:00\" \/>\n<meta name=\"twitter:card\" content=\"summary_large_image\" \/>\n<script type=\"application\/ld+json\" class=\"yoast-schema-graph\">{\"@context\":\"https:\\\/\\\/schema.org\",\"@graph\":[{\"@type\":\"WebPage\",\"@id\":\"https:\\\/\\\/cegat.com\\\/de\\\/newsletter\\\/\",\"url\":\"https:\\\/\\\/cegat.com\\\/de\\\/newsletter\\\/\",\"name\":\"Newsletter\",\"isPartOf\":{\"@id\":\"https:\\\/\\\/cegat.com\\\/de\\\/#website\"},\"datePublished\":\"2022-09-28T14:59:36+00:00\",\"dateModified\":\"2024-08-15T10:50:24+00:00\",\"description\":\"Melden Sie sich \u00fcber das Formular f\u00fcr den CeGaT-Newsletter anmelden, um im gew\u00fcnschten Bereich auf dem neusten Stand zu bleiben.\",\"inLanguage\":\"de\",\"potentialAction\":[{\"@type\":\"ReadAction\",\"target\":[\"https:\\\/\\\/cegat.com\\\/de\\\/newsletter\\\/\"]}]},{\"@type\":\"WebSite\",\"@id\":\"https:\\\/\\\/cegat.com\\\/de\\\/#website\",\"url\":\"https:\\\/\\\/cegat.com\\\/de\\\/\",\"name\":\"CeGaT GmbH\",\"description\":\"Genetic Insights You Can Trust\",\"potentialAction\":[{\"@type\":\"SearchAction\",\"target\":{\"@type\":\"EntryPoint\",\"urlTemplate\":\"https:\\\/\\\/cegat.com\\\/de\\\/?s={search_term_string}\"},\"query-input\":{\"@type\":\"PropertyValueSpecification\",\"valueRequired\":true,\"valueName\":\"search_term_string\"}}],\"inLanguage\":\"de\"}]}<\/script>\n<!-- \/ Yoast SEO plugin. -->","yoast_head_json":{"title":"Newsletter","description":"Melden Sie sich \u00fcber das Formular f\u00fcr den CeGaT-Newsletter anmelden, um im gew\u00fcnschten Bereich auf dem neusten Stand zu bleiben.","robots":{"index":"noindex","follow":"nofollow"},"og_locale":"de_DE","og_type":"article","og_title":"Newsletter","og_description":"Melden Sie sich \u00fcber das Formular f\u00fcr den CeGaT-Newsletter anmelden, um im gew\u00fcnschten Bereich auf dem neusten Stand zu bleiben.","og_url":"https:\/\/cegat.com\/de\/newsletter\/","og_site_name":"CeGaT GmbH","article_publisher":"https:\/\/www.facebook.com\/CeGaT.GmbH\/?locale=de_DE","article_modified_time":"2024-08-15T10:50:24+00:00","twitter_card":"summary_large_image","schema":{"@context":"https:\/\/schema.org","@graph":[{"@type":"WebPage","@id":"https:\/\/cegat.com\/de\/newsletter\/","url":"https:\/\/cegat.com\/de\/newsletter\/","name":"Newsletter","isPartOf":{"@id":"https:\/\/cegat.com\/de\/#website"},"datePublished":"2022-09-28T14:59:36+00:00","dateModified":"2024-08-15T10:50:24+00:00","description":"Melden Sie sich \u00fcber das Formular f\u00fcr den CeGaT-Newsletter anmelden, um im gew\u00fcnschten Bereich auf dem neusten Stand zu bleiben.","inLanguage":"de","potentialAction":[{"@type":"ReadAction","target":["https:\/\/cegat.com\/de\/newsletter\/"]}]},{"@type":"WebSite","@id":"https:\/\/cegat.com\/de\/#website","url":"https:\/\/cegat.com\/de\/","name":"CeGaT GmbH","description":"Genetic Insights You Can Trust","potentialAction":[{"@type":"SearchAction","target":{"@type":"EntryPoint","urlTemplate":"https:\/\/cegat.com\/de\/?s={search_term_string}"},"query-input":{"@type":"PropertyValueSpecification","valueRequired":true,"valueName":"search_term_string"}}],"inLanguage":"de"}]}},"_links":{"self":[{"href":"https:\/\/cegat.com\/de\/wp-json\/wp\/v2\/pages\/1548","targetHints":{"allow":["GET"]}}],"collection":[{"href":"https:\/\/cegat.com\/de\/wp-json\/wp\/v2\/pages"}],"about":[{"href":"https:\/\/cegat.com\/de\/wp-json\/wp\/v2\/types\/page"}],"author":[{"embeddable":true,"href":"https:\/\/cegat.com\/de\/wp-json\/wp\/v2\/users\/2"}],"replies":[{"embeddable":true,"href":"https:\/\/cegat.com\/de\/wp-json\/wp\/v2\/comments?post=1548"}],"version-history":[{"count":0,"href":"https:\/\/cegat.com\/de\/wp-json\/wp\/v2\/pages\/1548\/revisions"}],"wp:attachment":[{"href":"https:\/\/cegat.com\/de\/wp-json\/wp\/v2\/media?parent=1548"}],"curies":[{"name":"wp","href":"https:\/\/api.w.org\/{rel}","templated":true}]}}